{"id":1138,"date":"2025-08-28T16:55:43","date_gmt":"2025-08-28T14:55:43","guid":{"rendered":"https:\/\/mil.hr\/?page_id=1138"},"modified":"2025-08-28T17:01:15","modified_gmt":"2025-08-28T15:01:15","slug":"o-nama-2","status":"publish","type":"page","link":"https:\/\/mil.hr\/?page_id=1138","title":{"rendered":"O nama"},"content":{"rendered":"\n<section class=\"wp-block-uagb-container uagb-block-59d8247e alignfull uagb-is-root-container\"><div class=\"uagb-container-inner-blocks-wrap\">\n<div class=\"wp-block-uagb-container uagb-block-bbdf19d8\">\n<div class=\"wp-block-uagb-advanced-heading uagb-block-1ab50a6e\"><h1 class=\"uagb-heading-text\">O tvrtci M&amp;L<\/h1><div class=\"uagb-separator\"><\/div><\/div>\n<\/div>\n\n\n\n<div class=\"wp-block-uagb-container uagb-block-43e5d724\">\n<div class=\"wp-block-uagb-advanced-heading uagb-block-04df1557\"><h6 class=\"uagb-heading-text\">KONTAKTIRAJTE NAS<\/h6><div class=\"uagb-separator\"><\/div><\/div>\n\n\n\n<h2 class=\"wp-block-heading has-text-align-right has-very-light-gray-color has-text-color\"> 097 \/ 608 \u2013 1072 <\/h2>\n\n\n\n<p><\/p>\n<\/div>\n<\/div><\/section>\n\n\n\n<section class=\"wp-block-uagb-container uagb-block-bb894abb alignfull uagb-is-root-container\"><div class=\"uagb-container-inner-blocks-wrap\">\n<section class=\"wp-block-uagb-container uagb-block-999a5532\">\n<div class=\"wp-block-uagb-container uagb-block-f56b44b9\">\n<p><\/p>\n<\/div>\n\n\n\n<div class=\"wp-block-uagb-container uagb-block-8388aa64\"><\/div>\n<\/section>\n\n\n\n<p><\/p>\n<\/div><\/section>\n\n\n\n<section class=\"wp-block-uagb-section uagb-section__wrap uagb-section__background-color uagb-block-d848004a-12dd-471e-adcf-1e4b54e6c23c\"><div class=\"uagb-section__overlay\"><\/div><div class=\"uagb-section__inner-wrap\">\n<div class=\"wp-block-uagb-info-box uagb-block-f15a33f7-db0d-4b54-b4c8-cf51f6a5356d uagb-infobox__content-wrap  uagb-infobox-icon-above-title uagb-infobox-image-valign-top uagb-infobox__outer-wrap\" id=\"uagb-infobox-f15a33f7-db0d-4b54-b4c8-cf51f6a5356d\"><div class=\"uagb-ifb-content\"><div class=\"uagb-ifb-title-wrap\"><h2 class=\"uagb-ifb-title\">O NAMA <\/h2><\/div><p class=\"uagb-ifb-desc\"> <br> <strong>MI SMO EKIPA PROFESIONALNIH GRA\u0110EVINARA<\/strong> <br><br><\/p><\/div><\/div>\n\n\n\n<div class=\"wp-block-uagb-info-box uagb-block-c2242cb5-dafa-4f7b-b6ec-da65e73e5781 uagb-infobox__content-wrap  uagb-infobox-icon-above-title uagb-infobox-image-valign-top uagb-infobox__outer-wrap\" id=\"uagb-infobox-c2242cb5-dafa-4f7b-b6ec-da65e73e5781\"><div class=\"uagb-ifb-content\"><div class=\"uagb-ifb-title-wrap\"><h3 class=\"uagb-ifb-title\">Info Box<\/h3><\/div><p class=\"uagb-ifb-desc\">Gra\u0111evinski obrt M&amp;L iz Bok\u0161i\u0107a idealan je partner kada je u pitanju izgradnja ku\u0107a, adaptacija stana, ku\u0107e ili poslovnog prostora, unutarnji i vanjski zavr\u0161ni gra\u0111evinski radovi, izrada fasade i fasaderski radovi, izrada krova i krovopokriva\u010dki radovi i ure\u0111enje oku\u0107nice. Sve gra\u0111evinske i adaptacijske radove izvodimo kvalitetno i u zadanom roku.<br><\/p><\/div><\/div>\n\n\n\n<p class=\"has-text-color\" style=\"color:#ea3a1c\"> Na\u0161 tim se sastoji od vrsnih zidara, armira\u010da, kerami\u010dara, krovopokriva\u010da, soboslikara i li\u010dilaca. <\/p>\n\n\n\n<p>Mi smo profesionalci s vi\u0161egodi\u0161njim iskustvom u poslu. Neovisno o tome  da li trebate izgradnju ili adaptaciju objekta, svakom projektu  pristupamo ozbiljno i odgovorno.  <\/p>\n<\/div><\/section>\n\n\n\n<section class=\"wp-block-uagb-container uagb-block-37c444ae alignfull uagb-is-root-container\"><div class=\"uagb-container-inner-blocks-wrap\">\n<div class=\"wp-block-columns has-2-columns is-layout-flex wp-container-core-columns-is-layout-28f84493 wp-block-columns-is-layout-flex\">\n<div class=\"wp-block-column is-layout-flow wp-block-column-is-layout-flow\">\n<div class=\"wp-block-uagb-info-box uagb-block-d086a3b2-902d-48a7-a244-e0077b5c7d82 uagb-infobox__content-wrap  uagb-infobox-icon-above-title uagb-infobox-image-valign-top uagb-infobox__outer-wrap\" id=\"uagb-infobox-d086a3b2-902d-48a7-a244-e0077b5c7d82\"><div class=\"uagb-ifb-content\"><div class=\"uagb-ifb-title-wrap\"><h2 class=\"uagb-ifb-title\"> <br><strong>NA\u0160A MISIJA<\/strong>  <\/h2><\/div><p class=\"uagb-ifb-desc\"> <br>KONSTANTNIM ULAGANJEM U LJUDE I OPREMU, \u017dELIMO SE IZGRADITI U REGIONALNOG LIDERA NA PODRU\u010cJU GRA\u0110EVINE<strong>.<\/strong> <br><\/p><\/div><\/div>\n\n\n\n<p class=\"has-text-color\" style=\"color:#ffffff\">Tijekom godina smo stekli veliki broj zadovoljnih klijenata jer smo na tr\u017ei\u0161tu prepoznati kao odli\u010dan partner za gra\u0111evinske i adaptacijske radove. Uvjereni smo da \u0107ete biti zadovoljni cijenom, brzinom i kvalitetom izvedbe svih gra\u0111evinskih radova. Kod nas nema iznena\u0111enja, napla\u0107ujemo samo ono \u0161to napravimo.<\/p>\n<\/div>\n\n\n\n<div class=\"wp-block-column is-layout-flow wp-block-column-is-layout-flow\">\n<div class=\"wp-block-uagb-info-box uagb-block-c5b8af0e-50b3-420f-b260-443c5cf87b08 uagb-infobox__content-wrap  uagb-infobox-icon-above-title uagb-infobox-image-valign-top uagb-infobox__outer-wrap\" id=\"uagb-infobox-c5b8af0e-50b3-420f-b260-443c5cf87b08\"><div class=\"uagb-ifb-content\"><div class=\"uagb-ifb-title-wrap\"><h2 class=\"uagb-ifb-title\"> <br>ZA\u0160TO ODABRATI NAS?   <\/h2><\/div><p class=\"uagb-ifb-desc\"> <br>Predanost poslu, kao i te\u017enja da budemo najbolji u onome s \u010dime se bavimo su samo neke od stvari na koje stavljamo naglasak, a sve s ciljem da na\u0161i klijenti budu zadovoljni. Ovdje \u0107emo istaknuti neke od na\u0161ih prednosti:<br><\/p><\/div><\/div>\n\n\n\n<div class=\"wp-block-uagb-icon-list uagb-block-3a4b234a-c282-463f-bf65-2a608733d051 uagb-icon-list__outer-wrap uagb-icon-list__layout-vertical\" id=\"uagb-icon-list-3a4b234a-c282-463f-bf65-2a608733d051\"><div class=\"uagb-icon-list__wrap\">\n<div class=\"wp-block-uagb-icon-list-child uagb-block-3b98d1db\"><span class=\"uagb-icon-list__source-wrap\"><svg xmlns=\"https:\/\/www.w3.org\/2000\/svg\" viewBox=\"0 0 512 512\"><path d=\"M256 0C114.6 0 0 114.6 0 256c0 141.4 114.6 256 256 256s256-114.6 256-256C512 114.6 397.4 0 256 0zM406.6 278.6l-103.1 103.1c-12.5 12.5-32.75 12.5-45.25 0s-12.5-32.75 0-45.25L306.8 288H128C110.3 288 96 273.7 96 256s14.31-32 32-32h178.8l-49.38-49.38c-12.5-12.5-12.5-32.75 0-45.25s32.75-12.5 45.25 0l103.1 103.1C414.6 241.3 416 251.1 416 256C416 260.9 414.6 270.7 406.6 278.6z\"><\/path><\/svg><\/span><span class=\"uagb-icon-list__label\">24\/7 SATA DOSTUPNOST<\/span><\/div>\n\n\n\n<div class=\"wp-block-uagb-icon-list-child uagb-block-d1514529\"><span class=\"uagb-icon-list__source-wrap\"><svg xmlns=\"https:\/\/www.w3.org\/2000\/svg\" viewBox=\"0 0 512 512\"><path d=\"M256 0C114.6 0 0 114.6 0 256c0 141.4 114.6 256 256 256s256-114.6 256-256C512 114.6 397.4 0 256 0zM406.6 278.6l-103.1 103.1c-12.5 12.5-32.75 12.5-45.25 0s-12.5-32.75 0-45.25L306.8 288H128C110.3 288 96 273.7 96 256s14.31-32 32-32h178.8l-49.38-49.38c-12.5-12.5-12.5-32.75 0-45.25s32.75-12.5 45.25 0l103.1 103.1C414.6 241.3 416 251.1 416 256C416 260.9 414.6 270.7 406.6 278.6z\"><\/path><\/svg><\/span><span class=\"uagb-icon-list__label\">PROFESIONALNOST I ODGOVORNO<\/span><\/div>\n\n\n\n<div class=\"wp-block-uagb-icon-list-child uagb-block-3c1b584f\"><span class=\"uagb-icon-list__source-wrap\"><svg xmlns=\"https:\/\/www.w3.org\/2000\/svg\" viewBox=\"0 0 512 512\"><path d=\"M256 0C114.6 0 0 114.6 0 256c0 141.4 114.6 256 256 256s256-114.6 256-256C512 114.6 397.4 0 256 0zM406.6 278.6l-103.1 103.1c-12.5 12.5-32.75 12.5-45.25 0s-12.5-32.75 0-45.25L306.8 288H128C110.3 288 96 273.7 96 256s14.31-32 32-32h178.8l-49.38-49.38c-12.5-12.5-12.5-32.75 0-45.25s32.75-12.5 45.25 0l103.1 103.1C414.6 241.3 416 251.1 416 256C416 260.9 414.6 270.7 406.6 278.6z\"><\/path><\/svg><\/span><span class=\"uagb-icon-list__label\">PRISTUPA\u010cNE CIJENE<\/span><\/div>\n\n\n\n<div class=\"wp-block-uagb-icon-list-child uagb-block-ab999335\"><span class=\"uagb-icon-list__source-wrap\"><svg xmlns=\"https:\/\/www.w3.org\/2000\/svg\" viewBox=\"0 0 512 512\"><path d=\"M256 0C114.6 0 0 114.6 0 256c0 141.4 114.6 256 256 256s256-114.6 256-256C512 114.6 397.4 0 256 0zM406.6 278.6l-103.1 103.1c-12.5 12.5-32.75 12.5-45.25 0s-12.5-32.75 0-45.25L306.8 288H128C110.3 288 96 273.7 96 256s14.31-32 32-32h178.8l-49.38-49.38c-12.5-12.5-12.5-32.75 0-45.25s32.75-12.5 45.25 0l103.1 103.1C414.6 241.3 416 251.1 416 256C416 260.9 414.6 270.7 406.6 278.6z\"><\/path><\/svg><\/span><span class=\"uagb-icon-list__label\">NEMA SKRIVENIH TRO\u0160KOVA<\/span><\/div>\n\n\n\n<div class=\"wp-block-uagb-icon-list-child uagb-block-8d36d64c\"><span class=\"uagb-icon-list__source-wrap\"><svg xmlns=\"https:\/\/www.w3.org\/2000\/svg\" viewBox=\"0 0 512 512\"><path d=\"M256 0C114.6 0 0 114.6 0 256c0 141.4 114.6 256 256 256s256-114.6 256-256C512 114.6 397.4 0 256 0zM406.6 278.6l-103.1 103.1c-12.5 12.5-32.75 12.5-45.25 0s-12.5-32.75 0-45.25L306.8 288H128C110.3 288 96 273.7 96 256s14.31-32 32-32h178.8l-49.38-49.38c-12.5-12.5-12.5-32.75 0-45.25s32.75-12.5 45.25 0l103.1 103.1C414.6 241.3 416 251.1 416 256C416 260.9 414.6 270.7 406.6 278.6z\"><\/path><\/svg><\/span><span class=\"uagb-icon-list__label\">ZADOVOLJNI KLIJENTI I ISKUSTVO<\/span><\/div>\n<\/div><\/div>\n<\/div>\n<\/div>\n<\/div><\/section>\n\n\n\n<p><\/p>\n\n\n\n<section class=\"wp-block-uagb-section uagb-section__wrap uagb-section__background-undefined uagb-block-d7fc16da-a7f7-4446-a72f-0ebfc5881c80\"><div class=\"uagb-section__overlay\"><\/div><div class=\"uagb-section__inner-wrap\">\n<div class=\"wp-block-columns is-layout-flex wp-container-core-columns-is-layout-28f84493 wp-block-columns-is-layout-flex\">\n<div class=\"wp-block-column is-layout-flow wp-block-column-is-layout-flow\">\n<div class=\"wp-block-uagb-info-box uagb-block-26cb37ec-42e9-41ac-9532-72ac73bb473b uagb-infobox__content-wrap  uagb-infobox-icon-above-title uagb-infobox-image-valign-top uagb-infobox__outer-wrap\" id=\"uagb-infobox-26cb37ec-42e9-41ac-9532-72ac73bb473b\"><div class=\"uagb-ifb-content\"><div class=\"uagb-ifb-icon-wrap\"><svg xmlns=\"https:\/\/www.w3.org\/2000\/svg\" viewBox=\"0 0 448 512\"><path d=\"M285.6 444.1C279.8 458.3 264.8 466.3 249.8 463.4C234.8 460.4 223.1 447.3 223.1 432V256H47.1C32.71 256 19.55 245.2 16.6 230.2C13.65 215.2 21.73 200.2 35.88 194.4L387.9 50.38C399.8 45.5 413.5 48.26 422.6 57.37C431.7 66.49 434.5 80.19 429.6 92.12L285.6 444.1z\"><\/path><\/svg><\/div><div class=\"uagb-ifb-title-wrap\"><h3 class=\"uagb-ifb-title\">Gdje smo?<\/h3><\/div><p class=\"uagb-ifb-desc\">Osje\u010dka 65, Bok\u0161i\u0107<br>31511 \u0110ur\u0111enovac<\/p><\/div><\/div>\n<\/div>\n\n\n\n<div class=\"wp-block-column is-layout-flow wp-block-column-is-layout-flow\">\n<div class=\"wp-block-uagb-info-box uagb-block-bf71021a-bd41-4018-9327-e4ac8b1dffd5 uagb-infobox__content-wrap  uagb-infobox-icon-above-title uagb-infobox-image-valign-top uagb-infobox__outer-wrap\" id=\"uagb-infobox-bf71021a-bd41-4018-9327-e4ac8b1dffd5\"><div class=\"uagb-ifb-content\"><div class=\"uagb-ifb-icon-wrap\"><svg xmlns=\"https:\/\/www.w3.org\/2000\/svg\" viewBox=\"0 0 512 512\"><path d=\"M256 512C114.6 512 0 397.4 0 256C0 114.6 114.6 0 256 0C397.4 0 512 114.6 512 256C512 397.4 397.4 512 256 512zM232 256C232 264 236 271.5 242.7 275.1L338.7 339.1C349.7 347.3 364.6 344.3 371.1 333.3C379.3 322.3 376.3 307.4 365.3 300L280 243.2V120C280 106.7 269.3 96 255.1 96C242.7 96 231.1 106.7 231.1 120L232 256z\"><\/path><\/svg><\/div><div class=\"uagb-ifb-title-wrap\"><h3 class=\"uagb-ifb-title\">RADNO VRIJEME<\/h3><\/div><p class=\"uagb-ifb-desc\">Ponedjeljak &#8211; petak: 08:00 &#8211; 16:00<br>Subota: 08:00 &#8211; 13:00<br>Nedjelja i blagdani: ne radimo<\/p><\/div><\/div>\n<\/div>\n\n\n\n<div class=\"wp-block-column is-layout-flow wp-block-column-is-layout-flow\">\n<div class=\"wp-block-uagb-info-box uagb-block-b95ee086-1138-40df-834c-65a49d147fd9 uagb-infobox__content-wrap  uagb-infobox-icon-above-title uagb-infobox-image-valign-top uagb-infobox__outer-wrap\" id=\"uagb-infobox-b95ee086-1138-40df-834c-65a49d147fd9\"><div class=\"uagb-ifb-content\"><div class=\"uagb-ifb-icon-wrap\"><svg xmlns=\"https:\/\/www.w3.org\/2000\/svg\" viewBox=\"0 0 512 512\"><path d=\"M511.2 387l-23.25 100.8c-3.266 14.25-15.79 24.22-30.46 24.22C205.2 512 0 306.8 0 54.5c0-14.66 9.969-27.2 24.22-30.45l100.8-23.25C139.7-2.602 154.7 5.018 160.8 18.92l46.52 108.5c5.438 12.78 1.77 27.67-8.98 36.45L144.5 207.1c33.98 69.22 90.26 125.5 159.5 159.5l44.08-53.8c8.688-10.78 23.69-14.51 36.47-8.975l108.5 46.51C506.1 357.2 514.6 372.4 511.2 387z\"><\/path><\/svg><\/div><div class=\"uagb-ifb-title-wrap\"><h3 class=\"uagb-ifb-title\">KONTAKT<\/h3><\/div><p class=\"uagb-ifb-desc\">Mirko Liji\u0107<br>Mobitel: 097 \/ 608 &#8211; 10 72<br>Email: mrklijic@gmail.com<\/p><\/div><\/div>\n<\/div>\n<\/div>\n<\/div><\/section>\n","protected":false},"excerpt":{"rendered":"<p>O tvrtci M&amp;L KONTAKTIRAJTE NAS 097 \/ 608 \u2013 1072 Tijekom godina smo stekli veliki broj zadovoljnih klijenata jer smo na tr\u017ei\u0161tu prepoznati kao odli\u010dan partner za gra\u0111evinske i adaptacijske radove. Uvjereni smo da \u0107ete biti zadovoljni cijenom, brzinom i kvalitetom izvedbe svih gra\u0111evinskih radova. Kod nas nema iznena\u0111enja, napla\u0107ujemo samo ono \u0161to napravimo.<\/p>\n","protected":false},"author":1,"featured_media":0,"parent":0,"menu_order":0,"comment_status":"closed","ping_status":"closed","template":"","meta":{"_uag_custom_page_level_css":"","site-sidebar-layout":"default","site-content-layout":"","ast-site-content-layout":"default","site-content-style":"unboxed","site-sidebar-style":"default","ast-global-header-display":"","ast-banner-title-visibility":"","ast-main-header-display":"","ast-hfb-above-header-display":"","ast-hfb-below-header-display":"","ast-hfb-mobile-header-display":"","site-post-title":"disabled","ast-breadcrumbs-content":"","ast-featured-img":"","footer-sml-layout":"","ast-disable-related-posts":"","theme-transparent-header-meta":"","adv-header-id-meta":"","stick-header-meta":"","header-above-stick-meta":"","header-main-stick-meta":"","header-below-stick-meta":"","astra-migrate-meta-layouts":"set","ast-page-background-enabled":"default","ast-page-background-meta":{"desktop":{"background-color":"","background-image":"","background-repeat":"repeat","background-position":"center center","background-size":"auto","background-attachment":"scroll","background-type":"","background-media":"","overlay-type":"","overlay-color":"","overlay-opacity":"","overlay-gradient":""},"tablet":{"background-color":"","background-image":"","background-repeat":"repeat","background-position":"center center","background-size":"auto","background-attachment":"scroll","background-type":"","background-media":"","overlay-type":"","overlay-color":"","overlay-opacity":"","overlay-gradient":""},"mobile":{"background-color":"","background-image":"","background-repeat":"repeat","background-position":"center center","background-size":"auto","background-attachment":"scroll","background-type":"","background-media":"","overlay-type":"","overlay-color":"","overlay-opacity":"","overlay-gradient":""}},"ast-content-background-meta":{"desktop":{"background-color":"var(--ast-global-color-5)","background-image":"","background-repeat":"repeat","background-position":"center center","background-size":"auto","background-attachment":"scroll","background-type":"","background-media":"","overlay-type":"","overlay-color":"","overlay-opacity":"","overlay-gradient":""},"tablet":{"background-color":"var(--ast-global-color-5)","background-image":"","background-repeat":"repeat","background-position":"center center","background-size":"auto","background-attachment":"scroll","background-type":"","background-media":"","overlay-type":"","overlay-color":"","overlay-opacity":"","overlay-gradient":""},"mobile":{"background-color":"var(--ast-global-color-5)","background-image":"","background-repeat":"repeat","background-position":"center center","background-size":"auto","background-attachment":"scroll","background-type":"","background-media":"","overlay-type":"","overlay-color":"","overlay-opacity":"","overlay-gradient":""}},"footnotes":""},"class_list":["post-1138","page","type-page","status-publish","hentry"],"uagb_featured_image_src":{"full":false,"thumbnail":false,"medium":false,"medium_large":false,"large":false,"1536x1536":false,"2048x2048":false},"uagb_author_info":{"display_name":"mario","author_link":"https:\/\/mil.hr\/?author=1"},"uagb_comment_info":0,"uagb_excerpt":"O tvrtci M&amp;L KONTAKTIRAJTE NAS 097 \/ 608 \u2013 1072 Tijekom godina smo stekli veliki broj zadovoljnih klijenata jer smo na tr\u017ei\u0161tu prepoznati kao odli\u010dan partner za gra\u0111evinske i adaptacijske radove. Uvjereni smo da \u0107ete biti zadovoljni cijenom, brzinom i kvalitetom izvedbe svih gra\u0111evinskih radova. Kod nas nema iznena\u0111enja, napla\u0107ujemo samo ono \u0161to napravimo.","_links":{"self":[{"href":"https:\/\/mil.hr\/index.php?rest_route=\/wp\/v2\/pages\/1138","targetHints":{"allow":["GET"]}}],"collection":[{"href":"https:\/\/mil.hr\/index.php?rest_route=\/wp\/v2\/pages"}],"about":[{"href":"https:\/\/mil.hr\/index.php?rest_route=\/wp\/v2\/types\/page"}],"author":[{"embeddable":true,"href":"https:\/\/mil.hr\/index.php?rest_route=\/wp\/v2\/users\/1"}],"replies":[{"embeddable":true,"href":"https:\/\/mil.hr\/index.php?rest_route=%2Fwp%2Fv2%2Fcomments&post=1138"}],"version-history":[{"count":7,"href":"https:\/\/mil.hr\/index.php?rest_route=\/wp\/v2\/pages\/1138\/revisions"}],"predecessor-version":[{"id":1147,"href":"https:\/\/mil.hr\/index.php?rest_route=\/wp\/v2\/pages\/1138\/revisions\/1147"}],"wp:attachment":[{"href":"https:\/\/mil.hr\/index.php?rest_route=%2Fwp%2Fv2%2Fmedia&parent=1138"}],"curies":[{"name":"wp","href":"https:\/\/api.w.org\/{rel}","templated":true}]}}